{"id":3305,"date":"2016-11-09T11:47:26","date_gmt":"2016-11-09T10:47:26","guid":{"rendered":"http:\/\/gergely.reykokeyko.cz\/o-spolecnosti\/"},"modified":"2017-03-14T13:39:56","modified_gmt":"2017-03-14T12:39:56","slug":"o-spolecnosti","status":"publish","type":"page","link":"https:\/\/www.atelier-gergely.cz\/de\/o-spolecnosti\/","title":{"rendered":"\u00dcber uns"},"content":{"rendered":"[vc_row type=&#8220;in_container&#8220; full_screen_row_position=&#8220;middle&#8220; scene_position=&#8220;center&#8220; text_color=&#8220;dark&#8220; text_align=&#8220;left&#8220; overlay_strength=&#8220;0.3&#8243;][vc_column column_padding=&#8220;no-extra-padding&#8220; column_padding_position=&#8220;all&#8220; background_color_opacity=&#8220;1&#8243; background_hover_color_opacity=&#8220;1&#8243; width=&#8220;1\/1&#8243; tablet_text_alignment=&#8220;default&#8220; phone_text_alignment=&#8220;default&#8220;]<style type=\"text\/css\">#nectar-slider-instance-1, #nectar-slider-instance-1 .swiper-container { height: calc( 650 * 100vw \/ 1600 ); } <\/style><div data-midnight=\"nectar-slider\" class=\"parallax_slider_outer \"><div  data-transition=\"slide\" data-overall_style=\"classic\" data-flexible-height=\"true\" data-animate-in-effect=\"none\" data-fullscreen=\"false\" data-button-sizing=\"regular\" data-button-styling=\"btn_with_count\" data-autorotate=\"\" data-parallax=\"true\" data-parallax-disable-mobile=\"\" data-caption-trans=\"fade_in_from_bottom\" data-parallax-style=\"bg_only\" data-bg-animation=\"none\" data-full-width=\"true\" class=\"nectar-slider-wrap \" id=\"nectar-slider-instance-1\"><div class=\"swiper-container\"  data-tho=\"auto\" data-tco=\"auto\" data-pho=\"auto\" data-pco=\"auto\" data-loop=\"false\" data-height=\"650\" data-min-height=\"\" data-arrows=\"false\" data-bullets=\"false\" data-bullet_style=\"see_through\" data-bullet_position=\"bottom\" data-desktop-swipe=\"false\" data-settings=\"\"> <div class=\"swiper-wrapper\"><div class=\"swiper-slide\" data-desktop-content-width=\"\" data-tablet-content-width=\"\" data-bg-alignment=\"center\" data-color-scheme=\"light\" data-x-pos=\"centered\" data-y-pos=\"middle\" ><div class=\"slide-bg-wrap\"><div class=\"image-bg\" style=\"background-image: url(https:\/\/www.atelier-gergely.cz\/wp-content\/uploads\/2016\/11\/IMG_3448_novy.jpg);\"> &nbsp; <\/div><\/div><div class=\"container\">\r\n\t\t\t\t\t\t<div class=\"content\"><h2>\u00dcber uns<\/h2><\/div>\r\n\t\t\t\t\t\t\t\t<\/div><!--\/container--><a href=\"#\" class=\"slider-down-arrow\"><i class=\"icon-salient-down-arrow icon-default-style\"> <span class=\"ie-fix\"><\/span> <\/i><\/a><div class=\"video-texture active_texture\"> <span class=\"ie-fix\"><\/span> <\/div><\/div> <!--\/swiper-slide--><\/div><div class=\"nectar-slider-loading \"> <span class=\"loading-icon none\">   <\/span> <\/div> <\/div> \r\n\t\t\t\t\t\r\n\t\t\t\t\t<\/div><\/div>[\/vc_column][\/vc_row][vc_row type=&#8220;full_width_content&#8220; full_screen_row_position=&#8220;middle&#8220; vertically_center_columns=&#8220;true&#8220; scene_position=&#8220;center&#8220; text_color=&#8220;light&#8220; text_align=&#8220;left&#8220; top_padding=&#8220;0&#8243; bottom_padding=&#8220;0&#8243; overlay_strength=&#8220;0.3&#8243;][vc_column centered_text=&#8220;true&#8220; column_padding=&#8220;padding-4-percent&#8220; column_padding_position=&#8220;all&#8220; background_color=&#8220;#222222&#8243; background_color_opacity=&#8220;1&#8243; background_hover_color_opacity=&#8220;1&#8243; width=&#8220;1\/2&#8243; tablet_text_alignment=&#8220;default&#8220; phone_text_alignment=&#8220;default&#8220;][image_with_animation image_url=&#8220;3542&#8243; alignment=&#8220;center&#8220; animation=&#8220;Fade In&#8220; box_shadow=&#8220;none&#8220; max_width=&#8220;100%&#8220;][\/vc_column][vc_column column_padding=&#8220;padding-4-percent&#8220; column_padding_position=&#8220;all&#8220; background_color=&#8220;#20cfef&#8220; background_color_opacity=&#8220;1&#8243; background_hover_color_opacity=&#8220;1&#8243; width=&#8220;1\/2&#8243; tablet_text_alignment=&#8220;default&#8220; phone_text_alignment=&#8220;default&#8220;][vc_row_inner text_align=&#8220;left&#8220;][vc_column_inner column_padding=&#8220;no-extra-padding&#8220; column_padding_position=&#8220;all&#8220; background_color_opacity=&#8220;1&#8243; width=&#8220;1\/1&#8243;][vc_column_text]\n<h2>\u00dcber uns<\/h2>\n<p>Die Gesellschaft Atelier-Gergely CZ wurde als die tschechische Filiale der Schweizer Firma Atelier Gergely gegr\u00fcndet, die sich mit Engineering und der Produktion der Kabel Konfektion f\u00fcr die Schienenfahrzeuge und Buse besch\u00e4ftigt. F\u00fcr die Kabelkonfektion benutzt sie vor allem die Kabele und Leiter mit einer physikoverst\u00e4rkten Isolation (evtl. Ummantelung). Die sind f\u00fcr ihre extra Eigenschaften charakteristisch &#8211; verwendbar gerade in den Schienenfahrzeugen. Das Atelier Gergely CZ hat in der Tschechischen Republik eine offizielle Vertretung der Firma LEONI Studer. Au\u00dfer dieser Gesch\u00e4ftsaktivit\u00e4t bieten wir auch Engineerin im Gebiet der Kabele, der Kabel Konfektion und der integrierten Systemleitung an. [\/vc_column_text][\/vc_column_inner][\/vc_row_inner][\/vc_column][\/vc_row][vc_row type=&#8220;full_width_content&#8220; full_screen_row_position=&#8220;middle&#8220; equal_height=&#8220;yes&#8220; content_placement=&#8220;middle&#8220; vertically_center_columns=&#8220;true&#8220; scene_position=&#8220;center&#8220; text_color=&#8220;dark&#8220; text_align=&#8220;left&#8220; top_padding=&#8220;0&#8243; bottom_padding=&#8220;0&#8243; overlay_strength=&#8220;0.3&#8243;][vc_column column_padding=&#8220;padding-4-percent&#8220; column_padding_position=&#8220;all&#8220; background_color=&#8220;#ffffff&#8220; background_color_opacity=&#8220;1&#8243; background_hover_color_opacity=&#8220;1&#8243; width=&#8220;1\/2&#8243; tablet_text_alignment=&#8220;default&#8220; phone_text_alignment=&#8220;default&#8220;][vc_column_text]\n<h2>Geschichte<\/h2>\n<p>Das Unternehmen Atelier Gergely wurde im Jahre 1988 in der Schweiz von Herrn Julius Gergely gegr\u00fcndet. Das Dienstleistungs-, Handels- und Fertigungs-Unternehmen ist seit Beginn f\u00fcr die Konstruktion, Fertigung und Qualit\u00e4tssicherung von Schaltschemas, E-Tableaus und der Kabelkonfektion f\u00fcr den Fahrzeugbau (Schienenfahrzeuge sowie Busse) engagiert. Im Jahr 2002 wurde die Einzelfirma zur Atelier Gergely GmbH umgewandelt.<br \/>\nBereits im Jahr 1992 erweiterte das Unternehmen seine Aktivit\u00e4ten in die Slowakei (SK Atelier Gergely s.r.o), wo es haupts\u00e4chlich in der Kabelkonfektionierung fokussiert ist. F\u00fcr die Herstellung von Kabelb\u00e4umen verwendet es vor allem Kabel sowie spezifische Produkte mit physikalisch vernetzten Kernisolierungen und Kabelummantelungen, welche von der Firma Studer (heute LEONI Studer) erzeugt werden.<br \/>\nVor allem als Handelsvertretung des Kabelherstellers f\u00fcr den slowakischen Markt, wurde im Jahr 2006 die GKW s.r.o. Unternehmung in Nitra als Basis gegr\u00fcndet. Die gleiche Aufgabe f\u00fcr den tschechischen Markt, verbunden mit der Ingenieurt\u00e4tigkeit wurde dann im Jahr 2011 Atelier Gergely CZ, s.r.o. er\u00f6ffnet.[\/vc_column_text][\/vc_column][vc_column column_padding=&#8220;no-extra-padding&#8220; column_padding_position=&#8220;all&#8220; background_color=&#8220;#222222&#8243; background_color_opacity=&#8220;1&#8243; background_hover_color_opacity=&#8220;1&#8243; width=&#8220;1\/2&#8243; tablet_text_alignment=&#8220;default&#8220; phone_text_alignment=&#8220;default&#8220;]<div  data-transition=\"slide\" data-overall_style=\"classic\" data-flexible-height=\"\" data-animate-in-effect=\"none\" data-fullscreen=\"false\" data-button-sizing=\"regular\" data-button-styling=\"btn_with_count\" data-autorotate=\"\" data-parallax=\"false\" data-parallax-disable-mobile=\"\" data-caption-trans=\"fade_in_from_bottom\" data-parallax-style=\"bg_only\" data-bg-animation=\"none\" data-full-width=\"false\" class=\"nectar-slider-wrap \" id=\"nectar-slider-instance-2\"><div class=\"swiper-container\"  data-tho=\"auto\" data-tco=\"auto\" data-pho=\"auto\" data-pco=\"auto\" data-loop=\"false\" data-height=\"500\" data-min-height=\"\" data-arrows=\"false\" data-bullets=\"false\" data-bullet_style=\"see_through\" data-bullet_position=\"bottom\" data-desktop-swipe=\"false\" data-settings=\"\"> <div class=\"swiper-wrapper\"><div class=\"swiper-slide\" data-desktop-content-width=\"\" data-tablet-content-width=\"\" data-bg-alignment=\"center\" data-color-scheme=\"light\" data-x-pos=\"left\" data-y-pos=\"middle\" ><div class=\"slide-bg-wrap\"><div class=\"image-bg\" style=\"background-image: url(https:\/\/www.atelier-gergely.cz\/wp-content\/uploads\/2016\/11\/IMG_3425_n.jpg);\"> &nbsp; <\/div><\/div><div class=\"video-texture \"> <span class=\"ie-fix\"><\/span> <\/div><\/div> <!--\/swiper-slide--><\/div><div class=\"nectar-slider-loading \"> <span class=\"loading-icon none\">   <\/span> <\/div> <\/div> \r\n\t\t\t\t\t\r\n\t\t\t\t\t<\/div>[\/vc_column][\/vc_row]\n","protected":false},"excerpt":{"rendered":"<p>[vc_row type=&#8220;in_container&#8220; full_screen_row_position=&#8220;middle&#8220; scene_position=&#8220;center&#8220; text_color=&#8220;dark&#8220; text_align=&#8220;left&#8220; overlay_strength=&#8220;0.3&#8243;][vc_column column_padding=&#8220;no-extra-padding&#8220; column_padding_position=&#8220;all&#8220; background_color_opacity=&#8220;1&#8243; background_hover_color_opacity=&#8220;1&#8243; width=&#8220;1\/1&#8243; tablet_text_alignment=&#8220;default&#8220; phone_text_alignment=&#8220;default&#8220;][\/vc_column][\/vc_row][vc_row type=&#8220;full_width_content&#8220;&#8230;<\/p>\n","protected":false},"author":1,"featured_media":0,"parent":0,"menu_order":0,"comment_status":"closed","ping_status":"closed","template":"","meta":{"_exactmetrics_skip_tracking":false,"_exactmetrics_sitenote_active":false,"_exactmetrics_sitenote_note":"","_exactmetrics_sitenote_category":0,"footnotes":""},"class_list":["post-3305","page","type-page","status-publish"],"aioseo_notices":[],"_links":{"self":[{"href":"https:\/\/www.atelier-gergely.cz\/de\/wp-json\/wp\/v2\/pages\/3305","targetHints":{"allow":["GET"]}}],"collection":[{"href":"https:\/\/www.atelier-gergely.cz\/de\/wp-json\/wp\/v2\/pages"}],"about":[{"href":"https:\/\/www.atelier-gergely.cz\/de\/wp-json\/wp\/v2\/types\/page"}],"author":[{"embeddable":true,"href":"https:\/\/www.atelier-gergely.cz\/de\/wp-json\/wp\/v2\/users\/1"}],"replies":[{"embeddable":true,"href":"https:\/\/www.atelier-gergely.cz\/de\/wp-json\/wp\/v2\/comments?post=3305"}],"version-history":[{"count":8,"href":"https:\/\/www.atelier-gergely.cz\/de\/wp-json\/wp\/v2\/pages\/3305\/revisions"}],"predecessor-version":[{"id":3549,"href":"https:\/\/www.atelier-gergely.cz\/de\/wp-json\/wp\/v2\/pages\/3305\/revisions\/3549"}],"wp:attachment":[{"href":"https:\/\/www.atelier-gergely.cz\/de\/wp-json\/wp\/v2\/media?parent=3305"}],"curies":[{"name":"wp","href":"https:\/\/api.w.org\/{rel}","templated":true}]}}