{"id":3309,"date":"2016-11-21T15:48:36","date_gmt":"2016-11-21T14:48:36","guid":{"rendered":"http:\/\/gergely.reykokeyko.cz\/kabelovy-sortiment\/"},"modified":"2019-02-20T08:57:45","modified_gmt":"2019-02-20T07:57:45","slug":"kabelovy-sortiment","status":"publish","type":"page","link":"https:\/\/www.atelier-gergely.cz\/de\/kabelovy-sortiment\/","title":{"rendered":"Kabelov\u00fd sortiment"},"content":{"rendered":"[vc_row type=&#8220;in_container&#8220; full_screen_row_position=&#8220;middle&#8220; scene_position=&#8220;center&#8220; text_color=&#8220;dark&#8220; text_align=&#8220;left&#8220; overlay_strength=&#8220;0.3&#8243;][vc_column column_padding=&#8220;no-extra-padding&#8220; column_padding_position=&#8220;all&#8220; background_color_opacity=&#8220;1&#8243; background_hover_color_opacity=&#8220;1&#8243; width=&#8220;1\/1&#8243; tablet_text_alignment=&#8220;default&#8220; phone_text_alignment=&#8220;default&#8220;]<style type=\"text\/css\">#nectar-slider-instance-1, #nectar-slider-instance-1 .swiper-container { height: calc( 650 * 100vw \/ 1600 ); } <\/style><div data-midnight=\"nectar-slider\" class=\"parallax_slider_outer \"><div  data-transition=\"slide\" data-overall_style=\"classic\" data-flexible-height=\"true\" data-animate-in-effect=\"none\" data-fullscreen=\"false\" data-button-sizing=\"regular\" data-button-styling=\"btn_with_count\" data-autorotate=\"\" data-parallax=\"true\" data-parallax-disable-mobile=\"\" data-caption-trans=\"fade_in_from_bottom\" data-parallax-style=\"bg_only\" data-bg-animation=\"none\" data-full-width=\"true\" class=\"nectar-slider-wrap \" id=\"nectar-slider-instance-1\"><div class=\"swiper-container\"  data-tho=\"auto\" data-tco=\"auto\" data-pho=\"auto\" data-pco=\"auto\" data-loop=\"false\" data-height=\"650\" data-min-height=\"\" data-arrows=\"false\" data-bullets=\"false\" data-bullet_style=\"see_through\" data-bullet_position=\"bottom\" data-desktop-swipe=\"false\" data-settings=\"\"> <div class=\"swiper-wrapper\"><div class=\"swiper-slide\" data-desktop-content-width=\"\" data-tablet-content-width=\"\" data-bg-alignment=\"center\" data-color-scheme=\"light\" data-x-pos=\"centered\" data-y-pos=\"middle\" ><div class=\"slide-bg-wrap\"><div class=\"image-bg\" style=\"background-image: url(https:\/\/www.atelier-gergely.cz\/wp-content\/uploads\/2016\/11\/kabeely_pozadi_NOVY.jpg);\"> &nbsp; <\/div><\/div><div class=\"container\">\r\n\t\t\t\t\t\t<div class=\"content\"><h2>Kabelsortiment<\/h2><\/div>\r\n\t\t\t\t\t\t\t\t<\/div><!--\/container--><a href=\"#\" class=\"slider-down-arrow\"><i class=\"icon-salient-down-arrow icon-default-style\"> <span class=\"ie-fix\"><\/span> <\/i><\/a><div class=\"video-texture active_texture\"> <span class=\"ie-fix\"><\/span> <\/div><\/div> <!--\/swiper-slide--><\/div><div class=\"nectar-slider-loading \"> <span class=\"loading-icon none\">   <\/span> <\/div> <\/div> \r\n\t\t\t\t\t\r\n\t\t\t\t\t<\/div><\/div>[\/vc_column][\/vc_row][vc_row type=&#8220;full_width_content&#8220; full_screen_row_position=&#8220;middle&#8220; equal_height=&#8220;yes&#8220; content_placement=&#8220;middle&#8220; bg_color=&#8220;#212121&#8243; scene_position=&#8220;center&#8220; text_color=&#8220;light&#8220; text_align=&#8220;left&#8220; top_padding=&#8220;5%&#8220; bottom_padding=&#8220;5%&#8220; overlay_strength=&#8220;0.95&#8243;][vc_column enable_animation=&#8220;true&#8220; animation=&#8220;fade-in&#8220; column_padding=&#8220;padding-3-percent&#8220; column_padding_position=&#8220;all&#8220; background_color_opacity=&#8220;1&#8243; background_hover_color_opacity=&#8220;1&#8243; width=&#8220;1\/2&#8243; tablet_text_alignment=&#8220;center&#8220; phone_text_alignment=&#8220;center&#8220; delay=&#8220;0&#8243;][vc_row_inner text_align=&#8220;left&#8220;][vc_column_inner column_padding=&#8220;no-extra-padding&#8220; column_padding_position=&#8220;all&#8220; background_color_opacity=&#8220;1&#8243; width=&#8220;1\/4&#8243;][nectar_icon icon_family=&#8220;fontawesome&#8220; icon_style=&#8220;default&#8220; icon_color=&#8220;Extra-Color-2&#8243; icon_padding=&#8220;20px&#8220; icon_fontawesome=&#8220;fa fa-train&#8220; icon_size=&#8220;70&#8243;][\/vc_column_inner][vc_column_inner column_padding=&#8220;no-extra-padding&#8220; column_padding_position=&#8220;all&#8220; background_color_opacity=&#8220;1&#8243; width=&#8220;3\/4&#8243;][vc_column_text]\n<h2>SCHIENEN- UND BAHNFAHRZEUGE<\/h2>\n<h3>Transport &#8211; Schienenfahrzeuge<\/h3>\n<p>Diese Produktreihe fokussiert sich auf die Bahnfahrzeuge (Business Unit Traffic). Dieser Teil des kompletten Portfolios deckt den kompletten Lebenszyklus der \u00e4u\u00dferen und inneren Kabelleitungen der Schienenfahrzeuge, die \u00fcberall in Welt betrieben werden. Als ein stabiler Partner bieten wir unseren Kunden die Kabele f\u00fcr eine spezifische Benutzung und solche L\u00f6sungen der Kabelsysteme an, die den nationalen und internationalen Standards entsprechen. Das alles aufgrund fundierter Kenntnisse der Orientierung im gegebenen Bereich und der langj\u00e4hrigen Erfahrungen. [\/vc_column_text][divider line_type=&#8220;No Line&#8220; custom_height=&#8220;30&#8243;][vc_column_text]<a href=\"\/wp-content\/uploads\/2019\/02\/cable_systems.pdf\" target=\"_blank\" rel=\"noopener\"><i class=\"icon-default-style fa fa-download extra-color-2\"><\/i> \u00a0Katalog in PDG herunterladen &#8211; Rolling Stock 2019<\/a>[\/vc_column_text][divider line_type=&#8220;No Line&#8220; custom_height=&#8220;30&#8243;][vc_column_text]<a href=\"\/wp-content\/uploads\/2016\/11\/katalog_leoni_2015.pdf\" target=\"_blank\" rel=\"noopener\"><i class=\"icon-default-style fa fa-download extra-color-2\"><\/i> Katalog in PDG herunterladen &#8211; Rolling Stock 2015 <\/a>[\/vc_column_text][\/vc_column_inner][\/vc_row_inner][divider line_type=&#8220;No Line&#8220; custom_height=&#8220;30&#8243;][vc_row_inner text_align=&#8220;left&#8220;][vc_column_inner column_padding=&#8220;no-extra-padding&#8220; column_padding_position=&#8220;all&#8220; background_color_opacity=&#8220;1&#8243; width=&#8220;1\/4&#8243;][nectar_icon icon_family=&#8220;fontawesome&#8220; icon_style=&#8220;default&#8220; icon_color=&#8220;Extra-Color-2&#8243; icon_padding=&#8220;20px&#8220; icon_fontawesome=&#8220;fa fa-plane&#8220; icon_size=&#8220;70&#8243;][\/vc_column_inner][vc_column_inner column_padding=&#8220;no-extra-padding&#8220; column_padding_position=&#8220;all&#8220; background_color_opacity=&#8220;1&#8243; width=&#8220;3\/4&#8243;][vc_column_text]\n<h2>LUFTFAHRTINDUSTRIE<\/h2>\n<h3>Kabelle f\u00fcr die Flughafeninfrastruktur<\/h3>\n<p>BETAjet \u00ae 400 Hz und BETAlux \u00ae sind Typenreihen f\u00fcr das Flughafengel\u00e4nde bestimmt.<\/p>\n<p>BETAjet \u00ae 400 Hz werden f\u00fcr Speisesysteme benutzt, die eine externe Speisequelle f\u00fcr Flugzeuge bietet. Dieses System umfasst die statische Benutzung in den Flughafengeb\u00e4uden oder Hangars, so auch in den Mobileinheiten auf die Rampen. BETAlux \u00ae geschirmte Kabele f\u00fcr die prim\u00e4r 5kV Beleuchtung des Flughafens. Ein Kabel, der f\u00fcr die Beleuchtung der Flugh\u00e4fen bestimmt ist und in normalen klimatischen Bedingungen und bei leichter mechanischen Beanspruchung benutzt wird. Es ist geeignet diese in eine R\u00f6hre und zu verlegen<br \/>\n[\/vc_column_text][divider line_type=&#8220;No Line&#8220; custom_height=&#8220;30&#8243;][vc_column_text]<a href=\"\/wp-content\/uploads\/2016\/11\/LEONI_Kat_Airport_de_en_2010.pdf\" target=\"_blank\" rel=\"noopener\"><i class=\"icon-default-style fa fa-download extra-color-2\"><\/i> Katalog in PDG herunterladen <\/a>[\/vc_column_text][\/vc_column_inner][\/vc_row_inner][divider line_type=&#8220;No Line&#8220; custom_height=&#8220;30&#8243;][vc_row_inner text_align=&#8220;left&#8220;][vc_column_inner column_padding=&#8220;no-extra-padding&#8220; column_padding_position=&#8220;all&#8220; background_color_opacity=&#8220;1&#8243; width=&#8220;1\/4&#8243;][nectar_icon icon_family=&#8220;fontawesome&#8220; icon_style=&#8220;default&#8220; icon_color=&#8220;Extra-Color-2&#8243; icon_padding=&#8220;20px&#8220; icon_fontawesome=&#8220;fa fa-life-ring&#8220; icon_size=&#8220;70&#8243;][\/vc_column_inner][vc_column_inner column_padding=&#8220;no-extra-padding&#8220; column_padding_position=&#8220;all&#8220; background_color_opacity=&#8220;1&#8243; width=&#8220;3\/4&#8243;][vc_column_text]\n<h2>SEEVERKEHR<\/h2>\n<p>WIRD VORBEREITET[\/vc_column_text][\/vc_column_inner][\/vc_row_inner][divider line_type=&#8220;No Line&#8220; custom_height=&#8220;30&#8243;][vc_row_inner text_align=&#8220;left&#8220;][vc_column_inner column_padding=&#8220;no-extra-padding&#8220; column_padding_position=&#8220;all&#8220; background_color_opacity=&#8220;1&#8243; width=&#8220;1\/4&#8243;][nectar_icon icon_family=&#8220;fontawesome&#8220; icon_style=&#8220;default&#8220; icon_color=&#8220;Extra-Color-2&#8243; icon_padding=&#8220;20px&#8220; icon_fontawesome=&#8220;fa fa-industry&#8220; icon_size=&#8220;70&#8243;][\/vc_column_inner][vc_column_inner column_padding=&#8220;no-extra-padding&#8220; column_padding_position=&#8220;all&#8220; background_color_opacity=&#8220;1&#8243; width=&#8220;3\/4&#8243;][vc_column_text]\n<h2>INDUSTRIEKABELLE<\/h2>\n<h3>Industry<\/h3>\n<p>Im Katalog Premium Industry Cables sind die Kabele und Leiter f\u00fcr ein breites Spektrum des Zust\u00e4ndigkeitsbereiches eingef\u00fchrt. So finden Sie immer eine ideale L\u00f6sung f\u00fcr Ihren Bedarf. [\/vc_column_text][divider line_type=&#8220;No Line&#8220; custom_height=&#8220;30&#8243;][vc_column_text]\n<p style=\"text-align: left;\"><a href=\"\/wp-content\/uploads\/2016\/11\/LEONI-Studer-Product-Catalogue-Industry.pdf\" target=\"_blank\" rel=\"noopener\"><i class=\"icon-default-style fa fa-download extra-color-2\"><\/i> \u00a0Katalog in PDG herunterladen <\/a><\/p>\n[\/vc_column_text][\/vc_column_inner][\/vc_row_inner][\/vc_column][vc_column centered_text=&#8220;true&#8220; column_padding=&#8220;no-extra-padding&#8220; column_padding_position=&#8220;all&#8220; background_color_opacity=&#8220;1&#8243; background_hover_color_opacity=&#8220;1&#8243; width=&#8220;1\/2&#8243; tablet_text_alignment=&#8220;default&#8220; phone_text_alignment=&#8220;default&#8220;][image_with_animation image_url=&#8220;3270&#8243; alignment=&#8220;center&#8220; animation=&#8220;Fade In&#8220; box_shadow=&#8220;none&#8220; max_width=&#8220;100%&#8220;][\/vc_column][\/vc_row]\n","protected":false},"excerpt":{"rendered":"<p>[vc_row type=&#8220;in_container&#8220; full_screen_row_position=&#8220;middle&#8220; scene_position=&#8220;center&#8220; text_color=&#8220;dark&#8220; text_align=&#8220;left&#8220; overlay_strength=&#8220;0.3&#8243;][vc_column column_padding=&#8220;no-extra-padding&#8220; column_padding_position=&#8220;all&#8220; background_color_opacity=&#8220;1&#8243; background_hover_color_opacity=&#8220;1&#8243; width=&#8220;1\/1&#8243; tablet_text_alignment=&#8220;default&#8220; phone_text_alignment=&#8220;default&#8220;][\/vc_column][\/vc_row][vc_row type=&#8220;full_width_content&#8220;&#8230;<\/p>\n","protected":false},"author":1,"featured_media":0,"parent":0,"menu_order":0,"comment_status":"closed","ping_status":"closed","template":"","meta":{"_exactmetrics_skip_tracking":false,"_exactmetrics_sitenote_active":false,"_exactmetrics_sitenote_note":"","_exactmetrics_sitenote_category":0,"footnotes":""},"class_list":["post-3309","page","type-page","status-publish"],"aioseo_notices":[],"_links":{"self":[{"href":"https:\/\/www.atelier-gergely.cz\/de\/wp-json\/wp\/v2\/pages\/3309","targetHints":{"allow":["GET"]}}],"collection":[{"href":"https:\/\/www.atelier-gergely.cz\/de\/wp-json\/wp\/v2\/pages"}],"about":[{"href":"https:\/\/www.atelier-gergely.cz\/de\/wp-json\/wp\/v2\/types\/page"}],"author":[{"embeddable":true,"href":"https:\/\/www.atelier-gergely.cz\/de\/wp-json\/wp\/v2\/users\/1"}],"replies":[{"embeddable":true,"href":"https:\/\/www.atelier-gergely.cz\/de\/wp-json\/wp\/v2\/comments?post=3309"}],"version-history":[{"count":7,"href":"https:\/\/www.atelier-gergely.cz\/de\/wp-json\/wp\/v2\/pages\/3309\/revisions"}],"predecessor-version":[{"id":3662,"href":"https:\/\/www.atelier-gergely.cz\/de\/wp-json\/wp\/v2\/pages\/3309\/revisions\/3662"}],"wp:attachment":[{"href":"https:\/\/www.atelier-gergely.cz\/de\/wp-json\/wp\/v2\/media?parent=3309"}],"curies":[{"name":"wp","href":"https:\/\/api.w.org\/{rel}","templated":true}]}}