{"id":3318,"date":"2016-11-21T17:58:24","date_gmt":"2016-11-21T16:58:24","guid":{"rendered":"http:\/\/gergely.reykokeyko.cz\/solarni-a-vetrne-systemy\/"},"modified":"2017-02-02T08:56:01","modified_gmt":"2017-02-02T07:56:01","slug":"solarni-a-vetrne-systemy","status":"publish","type":"page","link":"https:\/\/www.atelier-gergely.cz\/de\/solarni-a-vetrne-systemy\/","title":{"rendered":"Sol\u00e1rn\u00ed a v\u011btrn\u00e9 syst\u00e9my"},"content":{"rendered":"[vc_row type=&#8220;in_container&#8220; full_screen_row_position=&#8220;middle&#8220; scene_position=&#8220;center&#8220; text_color=&#8220;dark&#8220; text_align=&#8220;left&#8220; overlay_strength=&#8220;0.3&#8243;][vc_column column_padding=&#8220;no-extra-padding&#8220; column_padding_position=&#8220;all&#8220; background_color_opacity=&#8220;1&#8243; background_hover_color_opacity=&#8220;1&#8243; width=&#8220;1\/1&#8243; tablet_text_alignment=&#8220;default&#8220; phone_text_alignment=&#8220;default&#8220;]<style type=\"text\/css\">#nectar-slider-instance-1, #nectar-slider-instance-1 .swiper-container { height: calc( 650 * 100vw \/ 1600 ); } <\/style><div data-midnight=\"nectar-slider\" class=\"parallax_slider_outer \"><div  data-transition=\"slide\" data-overall_style=\"classic\" data-flexible-height=\"true\" data-animate-in-effect=\"none\" data-fullscreen=\"false\" data-button-sizing=\"regular\" data-button-styling=\"btn_with_count\" data-autorotate=\"\" data-parallax=\"true\" data-parallax-disable-mobile=\"\" data-caption-trans=\"fade_in_from_bottom\" data-parallax-style=\"bg_only\" data-bg-animation=\"none\" data-full-width=\"true\" class=\"nectar-slider-wrap \" id=\"nectar-slider-instance-1\"><div class=\"swiper-container\"  data-tho=\"auto\" data-tco=\"auto\" data-pho=\"auto\" data-pco=\"auto\" data-loop=\"false\" data-height=\"650\" data-min-height=\"\" data-arrows=\"false\" data-bullets=\"false\" data-bullet_style=\"see_through\" data-bullet_position=\"bottom\" data-desktop-swipe=\"false\" data-settings=\"\"> <div class=\"swiper-wrapper\"><div class=\"swiper-slide\" data-desktop-content-width=\"\" data-tablet-content-width=\"\" data-bg-alignment=\"center\" data-color-scheme=\"light\" data-x-pos=\"centered\" data-y-pos=\"middle\" ><div class=\"slide-bg-wrap\"><div class=\"image-bg\" style=\"background-image: url(https:\/\/www.atelier-gergely.cz\/wp-content\/uploads\/2016\/11\/IMG_3439_NOVY.jpg);\"> &nbsp; <\/div><\/div><div class=\"container\">\r\n\t\t\t\t\t\t<div class=\"content\"><h2>Solar und Windsysteme<\/h2><\/div>\r\n\t\t\t\t\t\t\t\t<\/div><!--\/container--><a href=\"#\" class=\"slider-down-arrow\"><i class=\"icon-salient-down-arrow icon-default-style\"> <span class=\"ie-fix\"><\/span> <\/i><\/a><div class=\"video-texture active_texture\"> <span class=\"ie-fix\"><\/span> <\/div><\/div> <!--\/swiper-slide--><\/div><div class=\"nectar-slider-loading \"> <span class=\"loading-icon none\">   <\/span> <\/div> <\/div> \r\n\t\t\t\t\t\r\n\t\t\t\t\t<\/div><\/div>[\/vc_column][\/vc_row][vc_row type=&#8220;full_width_content&#8220; full_screen_row_position=&#8220;middle&#8220; equal_height=&#8220;yes&#8220; content_placement=&#8220;middle&#8220; bg_color=&#8220;#212121&#8243; scene_position=&#8220;center&#8220; text_color=&#8220;light&#8220; text_align=&#8220;left&#8220; top_padding=&#8220;5%&#8220; bottom_padding=&#8220;5%&#8220; overlay_strength=&#8220;0.95&#8243;][vc_column enable_animation=&#8220;true&#8220; animation=&#8220;fade-in&#8220; column_padding=&#8220;padding-3-percent&#8220; column_padding_position=&#8220;all&#8220; background_color_opacity=&#8220;1&#8243; background_hover_color_opacity=&#8220;1&#8243; width=&#8220;1\/2&#8243; tablet_text_alignment=&#8220;center&#8220; phone_text_alignment=&#8220;center&#8220; delay=&#8220;0&#8243;][vc_row_inner text_align=&#8220;left&#8220;][vc_column_inner column_padding=&#8220;no-extra-padding&#8220; column_padding_position=&#8220;all&#8220; background_color_opacity=&#8220;1&#8243; width=&#8220;1\/4&#8243;][nectar_icon icon_family=&#8220;fontawesome&#8220; icon_style=&#8220;default&#8220; icon_color=&#8220;Extra-Color-2&#8243; icon_padding=&#8220;20px&#8220; icon_fontawesome=&#8220;fa fa-certificate&#8220; icon_size=&#8220;70&#8243;][\/vc_column_inner][vc_column_inner column_padding=&#8220;no-extra-padding&#8220; column_padding_position=&#8220;all&#8220; background_color_opacity=&#8220;1&#8243; width=&#8220;3\/4&#8243;][vc_column_text]\n<h2><span class=\"pismo_2\">SOLARSYSTEME<\/span><\/h2>\n<p>BETAflam Solar erf\u00fcllt hohe Erwartungen, die auch von den Solarmodulen erwartet werden, das bedeutet eine lange Lebensdauer und hohe Widerstandsf\u00e4higkeit gegen die Witterungsbedingungen. Unsere doppelte Isolation erf\u00fcllt die h\u00f6chsten Parameter, die auf dem europ\u00e4ischen fotovoltarischen Markt gew\u00fcnscht sind. Wir haben alle ben\u00f6tigten Genehmigungen.[\/vc_column_text][divider line_type=&#8220;No Line&#8220; custom_height=&#8220;30&#8243;][vc_column_text]<a href=\"\/wp-content\/uploads\/2016\/11\/solar.pdf\" target=\"_blank\"><i class=\"icon-default-style fa fa-download extra-color-2\"><\/i> \u00a0Katalog in PDG herunterladen<\/a>[\/vc_column_text][\/vc_column_inner][\/vc_row_inner][divider line_type=&#8220;No Line&#8220; custom_height=&#8220;30&#8243;][vc_row_inner text_align=&#8220;left&#8220;][vc_column_inner column_padding=&#8220;no-extra-padding&#8220; column_padding_position=&#8220;all&#8220; background_color_opacity=&#8220;1&#8243; width=&#8220;1\/4&#8243;][nectar_icon icon_family=&#8220;fontawesome&#8220; icon_style=&#8220;default&#8220; icon_color=&#8220;Extra-Color-2&#8243; icon_padding=&#8220;20px&#8220; icon_fontawesome=&#8220;fa fa-leaf&#8220; icon_size=&#8220;70&#8243;][\/vc_column_inner][vc_column_inner column_padding=&#8220;no-extra-padding&#8220; column_padding_position=&#8220;all&#8220; background_color_opacity=&#8220;1&#8243; width=&#8220;3\/4&#8243;][vc_column_text]\n<h2>WINDSYSTEME<\/h2>\n<p>WIRD VORBEREITET[\/vc_column_text][\/vc_column_inner][\/vc_row_inner][divider line_type=&#8220;No Line&#8220; custom_height=&#8220;30&#8243;][vc_row_inner text_align=&#8220;left&#8220;][vc_column_inner column_padding=&#8220;no-extra-padding&#8220; column_padding_position=&#8220;all&#8220; background_color_opacity=&#8220;1&#8243; width=&#8220;1\/4&#8243;][nectar_icon icon_family=&#8220;fontawesome&#8220; icon_style=&#8220;default&#8220; icon_color=&#8220;Extra-Color-2&#8243; icon_padding=&#8220;20px&#8220; icon_fontawesome=&#8220;fa fa-fire&#8220; icon_size=&#8220;70&#8243;][\/vc_column_inner][vc_column_inner column_padding=&#8220;no-extra-padding&#8220; column_padding_position=&#8220;all&#8220; background_color_opacity=&#8220;1&#8243; width=&#8220;3\/4&#8243;][vc_column_text]\n<h2>WEITERE M\u00d6GLICHKEITEN<\/h2>\n<h3>Industry<\/h3>\n<p>Im Katalog Premium Industry Cables sind die Kabele und Leiter f\u00fcr ein breites Spektrum des Zust\u00e4ndigkeitsbereiches eingef\u00fchrt. So finden Sie immer eine ideale L\u00f6sung f\u00fcr Ihren Bedarf. [\/vc_column_text][divider line_type=&#8220;No Line&#8220; custom_height=&#8220;30&#8243;][vc_column_text]<a href=\"\/wp-content\/uploads\/2016\/11\/katalog_leoni_2015.pdf\" target=\"_blank\"><i class=\"icon-default-style fa fa-download extra-color-2\"><\/i> \u00a0Katalog in PDG herunterladen<\/a>[\/vc_column_text][\/vc_column_inner][\/vc_row_inner][\/vc_column][vc_column centered_text=&#8220;true&#8220; column_padding=&#8220;no-extra-padding&#8220; column_padding_position=&#8220;all&#8220; background_color_opacity=&#8220;1&#8243; background_hover_color_opacity=&#8220;1&#8243; width=&#8220;1\/2&#8243; tablet_text_alignment=&#8220;default&#8220; phone_text_alignment=&#8220;default&#8220;][image_with_animation image_url=&#8220;3268&#8243; alignment=&#8220;center&#8220; animation=&#8220;Fade In&#8220; box_shadow=&#8220;none&#8220; max_width=&#8220;100%&#8220;][\/vc_column][\/vc_row]\n","protected":false},"excerpt":{"rendered":"<p>[vc_row type=&#8220;in_container&#8220; full_screen_row_position=&#8220;middle&#8220; scene_position=&#8220;center&#8220; text_color=&#8220;dark&#8220; text_align=&#8220;left&#8220; overlay_strength=&#8220;0.3&#8243;][vc_column column_padding=&#8220;no-extra-padding&#8220; column_padding_position=&#8220;all&#8220; background_color_opacity=&#8220;1&#8243; background_hover_color_opacity=&#8220;1&#8243; width=&#8220;1\/1&#8243; tablet_text_alignment=&#8220;default&#8220; phone_text_alignment=&#8220;default&#8220;][\/vc_column][\/vc_row][vc_row type=&#8220;full_width_content&#8220;&#8230;<\/p>\n","protected":false},"author":1,"featured_media":0,"parent":0,"menu_order":0,"comment_status":"closed","ping_status":"closed","template":"","meta":{"_exactmetrics_skip_tracking":false,"_exactmetrics_sitenote_active":false,"_exactmetrics_sitenote_note":"","_exactmetrics_sitenote_category":0,"footnotes":""},"class_list":["post-3318","page","type-page","status-publish"],"aioseo_notices":[],"_links":{"self":[{"href":"https:\/\/www.atelier-gergely.cz\/de\/wp-json\/wp\/v2\/pages\/3318","targetHints":{"allow":["GET"]}}],"collection":[{"href":"https:\/\/www.atelier-gergely.cz\/de\/wp-json\/wp\/v2\/pages"}],"about":[{"href":"https:\/\/www.atelier-gergely.cz\/de\/wp-json\/wp\/v2\/types\/page"}],"author":[{"embeddable":true,"href":"https:\/\/www.atelier-gergely.cz\/de\/wp-json\/wp\/v2\/users\/1"}],"replies":[{"embeddable":true,"href":"https:\/\/www.atelier-gergely.cz\/de\/wp-json\/wp\/v2\/comments?post=3318"}],"version-history":[{"count":3,"href":"https:\/\/www.atelier-gergely.cz\/de\/wp-json\/wp\/v2\/pages\/3318\/revisions"}],"predecessor-version":[{"id":3525,"href":"https:\/\/www.atelier-gergely.cz\/de\/wp-json\/wp\/v2\/pages\/3318\/revisions\/3525"}],"wp:attachment":[{"href":"https:\/\/www.atelier-gergely.cz\/de\/wp-json\/wp\/v2\/media?parent=3318"}],"curies":[{"name":"wp","href":"https:\/\/api.w.org\/{rel}","templated":true}]}}